{"id":9482,"date":"2021-09-30T17:29:24","date_gmt":"2021-09-30T15:29:24","guid":{"rendered":"https:\/\/www.adles.si\/unkategorisiert\/moebelplatte-kirsche-gedaempft-ab\/"},"modified":"2024-01-30T15:37:43","modified_gmt":"2024-01-30T14:37:43","slug":"mobel-platte-kirsche-gedampft-ab","status":"publish","type":"product","link":"https:\/\/www.adles.si\/de\/massivholzplatten-mit-durchgehende-lamelle\/moebelplatten\/mobel-platte-kirsche-gedampft-ab\/","title":{"rendered":"M\u00f6belplatte, Kirsche, ged\u00e4mpft AB"},"content":{"rendered":"<p>Kirsche M\u00f6belplatten (ged\u00e4mpft), AB-Qualit\u00e4t, sind einschichtige Massivholzplatten mit durchgehende Lamelle.<\/p>\n<p>Beachten Sie aufgrund der Verleimung und des Trocknens, dass die Platten <strong>nur f\u00fcr den Innenbereich<\/strong> in einem ausgewogenen Raum bestimmt sind.<\/p>\n<p><u><a href=\"https:\/\/www.adles.si\/wp-content\/uploads\/NEM-Allgemeine-informationen.pdf\">Wichtige Informationen f\u00fcr den Kunden.pdf<\/a><u><\/u><\/u><\/p>\n","protected":false},"excerpt":{"rendered":"<p>L\u00e4nge: 900 &#8211; 3000 mm<br \/>\nBreite: 1210 mm<br \/>\nSt\u00e4rke: 19, 25, 40 mm<\/p>\n<p><span style=\"color: #339966;\">Lagerartikel<\/span><\/p>\n","protected":false},"featured_media":7211,"template":"","meta":{"_acf_changed":false,"_seopress_robots_primary_cat":"none","_seopress_titles_title":"","_seopress_titles_desc":"","_seopress_robots_index":"","disable_featured_image":false},"product_brand":[],"product_cat":[137],"product_tag":[],"class_list":{"0":"post-9482","1":"product","2":"type-product","3":"status-publish","4":"has-post-thumbnail","6":"product_cat-moebelplatten","8":"first","9":"instock","10":"taxable","11":"shipping-taxable","12":"purchasable","13":"product-type-variable","14":"has-default-attributes"},"acf":[],"etheme_brands":{"errors":{"invalid_taxonomy":["Die Taxonomie ist ung\u00fcltig."]},"error_data":[]},"_links":{"self":[{"href":"https:\/\/www.adles.si\/de\/wp-json\/wp\/v2\/product\/9482","targetHints":{"allow":["GET"]}}],"collection":[{"href":"https:\/\/www.adles.si\/de\/wp-json\/wp\/v2\/product"}],"about":[{"href":"https:\/\/www.adles.si\/de\/wp-json\/wp\/v2\/types\/product"}],"wp:featuredmedia":[{"embeddable":true,"href":"https:\/\/www.adles.si\/de\/wp-json\/wp\/v2\/media\/7211"}],"wp:attachment":[{"href":"https:\/\/www.adles.si\/de\/wp-json\/wp\/v2\/media?parent=9482"}],"wp:term":[{"taxonomy":"product_brand","embeddable":true,"href":"https:\/\/www.adles.si\/de\/wp-json\/wp\/v2\/product_brand?post=9482"},{"taxonomy":"product_cat","embeddable":true,"href":"https:\/\/www.adles.si\/de\/wp-json\/wp\/v2\/product_cat?post=9482"},{"taxonomy":"product_tag","embeddable":true,"href":"https:\/\/www.adles.si\/de\/wp-json\/wp\/v2\/product_tag?post=9482"}],"curies":[{"name":"wp","href":"https:\/\/api.w.org\/{rel}","templated":true}]}}