{"id":8584,"date":"2021-09-30T17:15:32","date_gmt":"2022-02-28T21:03:32","guid":{"rendered":"https:\/\/www.adles.si\/unkategorisiert\/furniture-panel-oak-ab\/"},"modified":"2024-01-30T15:37:39","modified_gmt":"2024-01-30T14:37:39","slug":"mobel-platte-eiche-ab","status":"publish","type":"product","link":"https:\/\/www.adles.si\/de\/massivholzplatten-mit-durchgehende-lamelle\/moebelplatten\/mobel-platte-eiche-ab\/","title":{"rendered":"M\u00f6belplatte, Eiche, AB"},"content":{"rendered":"<p>Eiche M\u00f6belplatten, AB-Qualit\u00e4t, sind einschichtige Massivholzplatten mit durchgehende Lamelle.<\/p>\n<p>Beachten Sie aufgrund der Verleimung und des Trocknens, dass die Platten <strong>nur f\u00fcr den Innenbereich<\/strong> in einem ausgewogenen Raum bestimmt sind.<\/p>\n<p><u><a href=\"https:\/\/www.adles.si\/wp-content\/uploads\/NEM-Allgemeine-informationen.pdf\">Wichtige Informationen f\u00fcr den Kunden.pdf<\/a><u><\/u><\/u><\/p>\n","protected":false},"excerpt":{"rendered":"<p>L\u00e4nge: 900 &#8211; 3000 mm<br \/>\nBreite: 1210 mm<br \/>\nSt\u00e4rke: 19, 25, 30, 40 mm<\/p>\n<p><span style=\"color: #339966;\">Lagerartikel<\/span><\/p>\n<p><span style=\"color: #339966;\">\u00a0<\/span><\/p>\n","protected":false},"featured_media":7189,"template":"","meta":{"_acf_changed":false,"_seopress_robots_primary_cat":"none","_seopress_titles_title":"","_seopress_titles_desc":"","_seopress_robots_index":"","disable_featured_image":false},"product_brand":[],"product_cat":[137],"product_tag":[],"class_list":{"0":"post-8584","1":"product","2":"type-product","3":"status-publish","4":"has-post-thumbnail","6":"product_cat-moebelplatten","8":"first","9":"instock","10":"taxable","11":"shipping-taxable","12":"purchasable","13":"product-type-variable","14":"has-default-attributes"},"acf":[],"etheme_brands":{"errors":{"invalid_taxonomy":["Die Taxonomie ist ung\u00fcltig."]},"error_data":[]},"_links":{"self":[{"href":"https:\/\/www.adles.si\/de\/wp-json\/wp\/v2\/product\/8584","targetHints":{"allow":["GET"]}}],"collection":[{"href":"https:\/\/www.adles.si\/de\/wp-json\/wp\/v2\/product"}],"about":[{"href":"https:\/\/www.adles.si\/de\/wp-json\/wp\/v2\/types\/product"}],"wp:featuredmedia":[{"embeddable":true,"href":"https:\/\/www.adles.si\/de\/wp-json\/wp\/v2\/media\/7189"}],"wp:attachment":[{"href":"https:\/\/www.adles.si\/de\/wp-json\/wp\/v2\/media?parent=8584"}],"wp:term":[{"taxonomy":"product_brand","embeddable":true,"href":"https:\/\/www.adles.si\/de\/wp-json\/wp\/v2\/product_brand?post=8584"},{"taxonomy":"product_cat","embeddable":true,"href":"https:\/\/www.adles.si\/de\/wp-json\/wp\/v2\/product_cat?post=8584"},{"taxonomy":"product_tag","embeddable":true,"href":"https:\/\/www.adles.si\/de\/wp-json\/wp\/v2\/product_tag?post=8584"}],"curies":[{"name":"wp","href":"https:\/\/api.w.org\/{rel}","templated":true}]}}