{"id":8551,"date":"2021-09-29T14:00:17","date_gmt":"2022-02-28T21:03:30","guid":{"rendered":"https:\/\/www.adles.si\/unkategorisiert\/lamella-width-40-mm-beech-natural-ab\/"},"modified":"2024-02-05T06:42:22","modified_gmt":"2024-02-05T05:42:22","slug":"lamellenbreite-40-mm-buche-natur-ab","status":"publish","type":"product","link":"https:\/\/www.adles.si\/de\/massivholzplatten-mit-keilgezinkte-lamelle\/lamellenbreite-40-mm\/lamellenbreite-40-mm-buche-natur-ab\/","title":{"rendered":"Lamellenbreite 40 mm, Buche, natur, unged\u00e4mpft AB"},"content":{"rendered":"<p>Buche Holzplatten natur &#8211; unged\u00e4mpft, AB-Qualit\u00e4t mit einer Standard-Lamellenbreite von 40 sind einschichtige, keilgezinkte Massivholzplatten.<\/p>\n<p>Beachten Sie aufgrund der Verleimung und des Trocknens, dass die Platten <strong>nur f\u00fcr den Innenbereich<\/strong> in einem ausgewogenen Raum bestimmt sind.<\/p>\n<p><a href=\"https:\/\/www.adles.si\/wp-content\/uploads\/NEM-Allgemeine-informationen.pdf\">Wichtige Informationen f\u00fcr den Kunden.pdf<\/a><\/p>\n","protected":false},"excerpt":{"rendered":"<p>L\u00e4nge: 5000, 4200 mm<br \/>\nBreite: 700, 800, 1210 mm<br \/>\nSt\u00e4rke: 19, 27, 40, 45 mm<\/p>\n<p>&nbsp;<\/p>\n","protected":false},"featured_media":7017,"template":"","meta":{"_acf_changed":false,"_seopress_robots_primary_cat":"none","_seopress_titles_title":"","_seopress_titles_desc":"","_seopress_robots_index":"","disable_featured_image":false},"product_brand":[],"product_cat":[134],"product_tag":[],"class_list":{"0":"post-8551","1":"product","2":"type-product","3":"status-publish","4":"has-post-thumbnail","6":"product_cat-lamellenbreite-40-mm","8":"first","9":"instock","10":"taxable","11":"shipping-taxable","12":"purchasable","13":"product-type-variable"},"acf":[],"etheme_brands":{"errors":{"invalid_taxonomy":["Die Taxonomie ist ung\u00fcltig."]},"error_data":[]},"_links":{"self":[{"href":"https:\/\/www.adles.si\/de\/wp-json\/wp\/v2\/product\/8551","targetHints":{"allow":["GET"]}}],"collection":[{"href":"https:\/\/www.adles.si\/de\/wp-json\/wp\/v2\/product"}],"about":[{"href":"https:\/\/www.adles.si\/de\/wp-json\/wp\/v2\/types\/product"}],"wp:featuredmedia":[{"embeddable":true,"href":"https:\/\/www.adles.si\/de\/wp-json\/wp\/v2\/media\/7017"}],"wp:attachment":[{"href":"https:\/\/www.adles.si\/de\/wp-json\/wp\/v2\/media?parent=8551"}],"wp:term":[{"taxonomy":"product_brand","embeddable":true,"href":"https:\/\/www.adles.si\/de\/wp-json\/wp\/v2\/product_brand?post=8551"},{"taxonomy":"product_cat","embeddable":true,"href":"https:\/\/www.adles.si\/de\/wp-json\/wp\/v2\/product_cat?post=8551"},{"taxonomy":"product_tag","embeddable":true,"href":"https:\/\/www.adles.si\/de\/wp-json\/wp\/v2\/product_tag?post=8551"}],"curies":[{"name":"wp","href":"https:\/\/api.w.org\/{rel}","templated":true}]}}