{"id":8537,"date":"2021-09-29T13:34:15","date_gmt":"2022-02-28T21:03:29","guid":{"rendered":"https:\/\/www.adles.si\/unkategorisiert\/lamella-width-40-mm-walnut-steamed-ab\/"},"modified":"2025-03-13T18:19:14","modified_gmt":"2025-03-13T17:19:14","slug":"lamellenbreite-40-mm-europaeisch-nussbaum-gedampft-ab","status":"publish","type":"product","link":"https:\/\/www.adles.si\/de\/massivholzplatten-mit-keilgezinkte-lamelle\/lamellenbreite-40-mm\/lamellenbreite-40-mm-europaeisch-nussbaum-gedampft-ab\/","title":{"rendered":"Lamellenbreite 40 mm, europ\u00e4isch Nussbaum, ged\u00e4mpft AB"},"content":{"rendered":"<p>Eu. Nussbaum Holzplatten (ged\u00e4mpft), AB-Qualit\u00e4t mit einer Standard-Lamellenbreite von 40 sind einschichtige, keilgezinkte Massivholzplatten.<\/p>\n<p>Beachten Sie aufgrund der Verleimung und des Trocknens, dass die Platten <strong>nur f\u00fcr den Innenbereich<\/strong> in einem ausgewogenen Raum bestimmt sind.<\/p>\n<p><a href=\"https:\/\/www.adles.si\/wp-content\/uploads\/NEM-Allgemeine-informationen.pdf\">Wichtige Informationen f\u00fcr den Kunden.pdf<\/a><\/p>\n","protected":false},"excerpt":{"rendered":"<p>L\u00e4nge: 4200, 5000 mm<br \/>\nBreite: 700, 800 mm<br \/>\nSt\u00e4rke: 19, 27, 40, 45 mm<\/p>\n<p><span style=\"color: #339966;\">Lagerartikel<\/span><\/p>\n","protected":false},"featured_media":43146,"template":"","meta":{"_acf_changed":false,"_seopress_robots_primary_cat":"none","_seopress_titles_title":"","_seopress_titles_desc":"","_seopress_robots_index":"","disable_featured_image":false},"product_brand":[],"product_cat":[134],"product_tag":[],"class_list":{"0":"post-8537","1":"product","2":"type-product","3":"status-publish","4":"has-post-thumbnail","6":"product_cat-lamellenbreite-40-mm","8":"first","9":"instock","10":"taxable","11":"shipping-taxable","12":"purchasable","13":"product-type-variable"},"acf":[],"etheme_brands":{"errors":{"invalid_taxonomy":["Die Taxonomie ist ung\u00fcltig."]},"error_data":[]},"_links":{"self":[{"href":"https:\/\/www.adles.si\/de\/wp-json\/wp\/v2\/product\/8537","targetHints":{"allow":["GET"]}}],"collection":[{"href":"https:\/\/www.adles.si\/de\/wp-json\/wp\/v2\/product"}],"about":[{"href":"https:\/\/www.adles.si\/de\/wp-json\/wp\/v2\/types\/product"}],"wp:featuredmedia":[{"embeddable":true,"href":"https:\/\/www.adles.si\/de\/wp-json\/wp\/v2\/media\/43146"}],"wp:attachment":[{"href":"https:\/\/www.adles.si\/de\/wp-json\/wp\/v2\/media?parent=8537"}],"wp:term":[{"taxonomy":"product_brand","embeddable":true,"href":"https:\/\/www.adles.si\/de\/wp-json\/wp\/v2\/product_brand?post=8537"},{"taxonomy":"product_cat","embeddable":true,"href":"https:\/\/www.adles.si\/de\/wp-json\/wp\/v2\/product_cat?post=8537"},{"taxonomy":"product_tag","embeddable":true,"href":"https:\/\/www.adles.si\/de\/wp-json\/wp\/v2\/product_tag?post=8537"}],"curies":[{"name":"wp","href":"https:\/\/api.w.org\/{rel}","templated":true}]}}